{"id":166,"date":"2026-01-06T18:16:00","date_gmt":"2026-01-06T18:16:00","guid":{"rendered":"https:\/\/www.osmaltd.fi\/?page_id=166"},"modified":"2026-01-06T19:38:23","modified_gmt":"2026-01-06T19:38:23","slug":"lastensuojelun-edunvalvonta-lapsen-edun-puolueeton-turvaaja","status":"publish","type":"page","link":"https:\/\/www.osmaltd.fi\/?page_id=166","title":{"rendered":"Lastensuojelun edunvalvonta \u2013 lapsen edun puolueeton turvaaja"},"content":{"rendered":"\n<p>Lastensuojelun edunvalvonta on tarkoitettu tilanteisiin, joissa lapsen huoltaja ei kykene puolueettomasti edustamaan lasta lastensuojeluasioissa. Edunvalvojan m\u00e4\u00e4r\u00e4\u00e4minen edellytt\u00e4\u00e4 lis\u00e4ksi, ett\u00e4 se on tarpeen asian selvitt\u00e4miseksi tai muutoin lapsen edun turvaamiseksi. T\u00e4llainen tilanne voi olla esimerkiksi silloin, kun huoltaja ei terveydentilansa vuoksi pysty k\u00e4ytt\u00e4m\u00e4\u00e4n lapsen puhevaltaa lapsen edun mukaisesti.<\/p>\n\n\n\n<p>Edunvalvonta perustuu <a href=\"https:\/\/www.finlex.fi\/fi\/lainsaadanto\/2007\/417#chp_4__sec_22\">lastensuojelulain 22 ja 23<\/a> \u00a7:\u00e4\u00e4n, ja sen tavoitteena on varmistaa lapsen oikeusturva, osallisuus ja lapsen edun toteutuminen vaativissa ja usein ristiriitaisissa tilanteissa.<\/p>\n\n\n\n<hr class=\"wp-block-separator has-alpha-channel-opacity\"\/>\n\n\n\n<h3 class=\"wp-block-heading\"><strong>Edunvalvojan hakeminen ja m\u00e4\u00e4r\u00e4\u00e4minen<\/strong><\/h3>\n\n\n\n<p>Hakemuksen edunvalvojan m\u00e4\u00e4r\u00e4\u00e4miseksi voi tehd\u00e4 lapsen huoltaja, holhousviranomainen tai hyvinvointialue. Lapsen asioista vastaavalla sosiaality\u00f6ntekij\u00e4ll\u00e4 on viime k\u00e4dess\u00e4 velvollisuus huolehtia siit\u00e4, ett\u00e4 edunvalvojaa haetaan, kun edellytykset t\u00e4yttyv\u00e4t.<\/p>\n\n\n\n<p>Edunvalvojan voi m\u00e4\u00e4r\u00e4t\u00e4 holhousviranomainen, jos huoltaja ja hyvinvointialue hakevat edunvalvojaa yhdess\u00e4. Muissa tilanteissa edunvalvojan m\u00e4\u00e4r\u00e4\u00e4 tuomioistuin.<\/p>\n\n\n\n<p>Edunvalvojaksi m\u00e4\u00e4r\u00e4t\u00e4\u00e4n teht\u00e4v\u00e4\u00e4n soveltuva henkil\u00f6, jolla on riitt\u00e4v\u00e4 asiantuntemus, kokemus ja kyky puolueettomaan lapsen edun arviointiin. K\u00e4yt\u00e4nn\u00f6ss\u00e4 edunvalvoja on usein lapsen asioihin perehtynyt asiantuntija, asianajaja tai muu lainopillisen koulutuksen saanut henkil\u00f6.<\/p>\n\n\n\n<hr class=\"wp-block-separator has-alpha-channel-opacity\"\/>\n\n\n\n<h3 class=\"wp-block-heading\"><strong>Edunvalvojan teht\u00e4v\u00e4t ja toimivalta<\/strong><\/h3>\n\n\n\n<p>Lastensuojelun edunvalvojan teht\u00e4v\u00e4n\u00e4 on toimia lapsen puolueettomana edustajana ja k\u00e4ytt\u00e4\u00e4 lapsen puhevaltaa niiss\u00e4 lastensuojeluasioissa, joihin h\u00e4net on m\u00e4\u00e4r\u00e4tty. Edunvalvontam\u00e4\u00e4r\u00e4ys m\u00e4\u00e4ritt\u00e4\u00e4 teht\u00e4v\u00e4n laajuuden, keston ja toimivallan rajat. M\u00e4\u00e4r\u00e4ys voi koskea yksitt\u00e4ist\u00e4 lastensuojeluasiaa tai kattaa koko lastensuojelun asiakkuuden. Edunvalvoja k\u00e4ytt\u00e4\u00e4 lapsen puhevaltaa ainoastaan lastensuojeluasioissa.<\/p>\n\n\n\n<p>Edunvalvoja:<\/p>\n\n\n\n<ul class=\"wp-block-list\">\n<li>Tutustuu lapsen el\u00e4m\u00e4ntilanteeseen ja keskustelee lapsen kanssa.<\/li>\n\n\n\n<li>Selvitt\u00e4\u00e4 lapsen mielipiteet ja toivomukset.<\/li>\n\n\n\n<li>Huolehtii siit\u00e4, ett\u00e4 lapsi tulee kuulluksi p\u00e4\u00e4t\u00f6ksenteossa.<\/li>\n\n\n\n<li>Esitt\u00e4\u00e4 oman asiantuntijan\u00e4kemyksens\u00e4 lapsen edun mukaisesta ratkaisusta.<\/li>\n\n\n\n<li>Pit\u00e4\u00e4 lapsen ajan tasalla prosessin etenemisest\u00e4.<\/li>\n\n\n\n<li>Osallistuu lapsen edustajana lastensuojelun neuvotteluihin ja tarvittaessa oikeudenk\u00e4ynteihin.<\/li>\n\n\n\n<li>Voi toimia lapsen edustajana my\u00f6s rikosprosessissa yhdess\u00e4 oikeusavustajan kanssa.<\/li>\n<\/ul>\n\n\n\n<p>Edunvalvojalla on asianosaisen oikeudet niiss\u00e4 asioissa, joihin h\u00e4net on m\u00e4\u00e4r\u00e4tty, mukaan lukien oikeus saada lasta koskevat asiakirjat ja tulla kuulluksi lasta koskevassa p\u00e4\u00e4t\u00f6ksenteossa.<\/p>\n\n\n\n<hr class=\"wp-block-separator has-alpha-channel-opacity\"\/>\n\n\n\n<h3 class=\"wp-block-heading\"><strong>Edunvalvonta tukee sosiaality\u00f6t\u00e4 ja vahvistaa lapsen osallisuutta<\/strong><\/h3>\n\n\n\n<p>Vaikka my\u00f6s sosiaality\u00f6ntekij\u00e4n teht\u00e4v\u00e4n\u00e4 on valvoa lapsen etua, sosiaality\u00f6ntekij\u00e4 ei voi k\u00e4ytt\u00e4\u00e4 lapsen puhevaltaa. Edunvalvonta tukee sosiaality\u00f6ntekij\u00e4n ty\u00f6t\u00e4 tuomalla prosessiin riippumattoman ja puolueettoman toimijan, joka keskittyy yksinomaan lapsen oikeuksien ja edun toteutumiseen.<\/p>\n\n\n\n<p>Lastensuojelun edunvalvonta vahvistaa lapsen osallisuutta, kuulluksi tulemista ja perus- ja ihmisoikeuksien toteutumista lastensuojelun p\u00e4\u00e4t\u00f6ksenteossa. Se selkeytt\u00e4\u00e4 prosessia, parantaa p\u00e4\u00e4t\u00f6ksenteon laatua ja tukee lainmukaista lastensuojeluty\u00f6t\u00e4.<\/p>\n\n\n\n<hr class=\"wp-block-separator has-alpha-channel-opacity\"\/>\n\n\n\n<h3 class=\"wp-block-heading\"><strong>Palkkiot<\/strong><\/h3>\n\n\n\n<p>Edunvalvojan palkkion maksaja m\u00e4\u00e4r\u00e4ytyy sen mukaan miss\u00e4 asiassa edunvalvoja toimii.<\/p>\n\n\n\n<p><strong>Lastensuojelun edunvalvonta:&nbsp;<\/strong><\/p>\n\n\n\n<p>Edunvalvojan m\u00e4\u00e4r\u00e4\u00e4misest\u00e4 aiheutuneista kustannuksista sek\u00e4 edunvalvojan palkkiosta ja kustannuksista vastaa se hyvinvointialue, joka on 16 ja 17 \u00a7:n mukaisesti vastuussa lastensuojelun j\u00e4rjest\u00e4misest\u00e4 (<a href=\"http:\/\/www.finlex.fi\/fi\/laki\/ajantasa\/2007\/20070417#L4P22\">Lastensuojelulaki 417\/2007, 23 \u00a7<\/a>).&nbsp;<\/p>\n\n\n\n<hr class=\"wp-block-separator has-alpha-channel-opacity\"\/>\n\n\n\n<h4 class=\"wp-block-heading\"><strong>Alkukonsultaatio<\/strong><\/h4>\n\n\n\n<p>Tilanteen kartoitus ja pohdinta tulisiko lapselle hakea edunvalvojaa<\/p>\n\n\n\n<h4 class=\"wp-block-heading\"><strong>0\u20ac<\/strong><\/h4>\n\n\n\n<hr class=\"wp-block-separator has-alpha-channel-opacity\"\/>\n\n\n\n<h4 class=\"wp-block-heading\"><strong>Edunvalvonta<\/strong><\/h4>\n\n\n\n<p>Lastensuojelu- ja rikosprosessit<\/p>\n\n\n\n<h4 class=\"wp-block-heading\"><strong>130\u20ac\/h<\/strong><\/h4>\n\n\n\n<hr class=\"wp-block-separator has-alpha-channel-opacity\"\/>\n\n\n\n<h4 class=\"wp-block-heading\"><strong>Matka-aika<\/strong><\/h4>\n\n\n\n<p>Matkaan kuluvan ty\u00f6ajan laskutushinta<\/p>\n\n\n\n<h4 class=\"wp-block-heading\"><strong>65\u20ac \/ h<\/strong><\/h4>\n\n\n\n<hr class=\"wp-block-separator has-alpha-channel-opacity\"\/>\n\n\n\n<h4 class=\"wp-block-heading\"><strong>Kilometrikorvaus<\/strong><\/h4>\n\n\n\n<p>Matkoista peritt\u00e4v\u00e4 kilometrikorvaus<\/p>\n\n\n\n<h4 class=\"wp-block-heading\"><strong>0,55\u20ac \/ km<\/strong><\/h4>\n\n\n\n<hr class=\"wp-block-separator has-alpha-channel-opacity\"\/>\n","protected":false},"excerpt":{"rendered":"<p>Lastensuojelun edunvalvonta on tarkoitettu tilanteisiin, joissa lapsen huoltaja ei kykene puolueettomasti edustamaan lasta lastensuojeluasioissa. Edunvalvojan m\u00e4\u00e4r\u00e4\u00e4minen edellytt\u00e4\u00e4 lis\u00e4ksi, ett\u00e4 se on tarpeen asian selvitt\u00e4miseksi tai muutoin lapsen edun turvaamiseksi. T\u00e4llainen tilanne voi olla esimerkiksi silloin, kun huoltaja ei terveydentilansa vuoksi pysty k\u00e4ytt\u00e4m\u00e4\u00e4n lapsen puhevaltaa lapsen edun mukaisesti. Edunvalvonta perustuu lastensuojelulain [&hellip;]<\/p>\n","protected":false},"author":1,"featured_media":0,"parent":0,"menu_order":0,"comment_status":"closed","ping_status":"closed","template":"","meta":{"footnotes":""},"class_list":["post-166","page","type-page","status-publish","hentry"],"_links":{"self":[{"href":"https:\/\/www.osmaltd.fi\/index.php?rest_route=\/wp\/v2\/pages\/166","targetHints":{"allow":["GET"]}}],"collection":[{"href":"https:\/\/www.osmaltd.fi\/index.php?rest_route=\/wp\/v2\/pages"}],"about":[{"href":"https:\/\/www.osmaltd.fi\/index.php?rest_route=\/wp\/v2\/types\/page"}],"author":[{"embeddable":true,"href":"https:\/\/www.osmaltd.fi\/index.php?rest_route=\/wp\/v2\/users\/1"}],"replies":[{"embeddable":true,"href":"https:\/\/www.osmaltd.fi\/index.php?rest_route=%2Fwp%2Fv2%2Fcomments&post=166"}],"version-history":[{"count":3,"href":"https:\/\/www.osmaltd.fi\/index.php?rest_route=\/wp\/v2\/pages\/166\/revisions"}],"predecessor-version":[{"id":185,"href":"https:\/\/www.osmaltd.fi\/index.php?rest_route=\/wp\/v2\/pages\/166\/revisions\/185"}],"wp:attachment":[{"href":"https:\/\/www.osmaltd.fi\/index.php?rest_route=%2Fwp%2Fv2%2Fmedia&parent=166"}],"curies":[{"name":"wp","href":"https:\/\/api.w.org\/{rel}","templated":true}]}}