{"id":81,"date":"2024-08-31T14:22:33","date_gmt":"2024-08-31T14:22:33","guid":{"rendered":"https:\/\/www.osmaltd.fi\/?page_id=81"},"modified":"2026-01-07T15:12:18","modified_gmt":"2026-01-07T15:12:18","slug":"palvelumme","status":"publish","type":"page","link":"https:\/\/www.osmaltd.fi\/?page_id=81","title":{"rendered":"Palvelumme"},"content":{"rendered":"\n<hr class=\"wp-block-separator has-alpha-channel-opacity\"\/>\n\n\n\n<h2 class=\"wp-block-heading\"><strong><strong>Lastensuojelun edunvalvonta<\/strong><\/strong><\/h2>\n\n\n\n<p>Lastensuojelun edunvalvonta on tarkoitettu tilanteisiin, joissa lapsen huoltaja ei kykene puolueettomasti edustamaan lasta lastensuojeluasioissa. Edunvalvojan m\u00e4\u00e4r\u00e4\u00e4minen edellytt\u00e4\u00e4 lis\u00e4ksi, ett\u00e4 se on tarpeen asian selvitt\u00e4miseksi tai muutoin lapsen edun turvaamiseksi. T\u00e4llainen tilanne voi olla esimerkiksi silloin, kun huoltaja ei terveydentilansa vuoksi pysty k\u00e4ytt\u00e4m\u00e4\u00e4n lapsen puhevaltaa lapsen edun mukaisesti.<\/p>\n\n\n\n<div class=\"wp-block-buttons is-content-justification-right is-layout-flex wp-container-core-buttons-is-layout-d445cf74 wp-block-buttons-is-layout-flex\">\n<div class=\"wp-block-button is-style-outline is-style-outline--1\"><a class=\"wp-block-button__link wp-element-button\" href=\"https:\/\/www.osmaltd.fi\/?page_id=166\">Lue lis\u00e4\u00e4<\/a><\/div>\n<\/div>\n\n\n\n<hr class=\"wp-block-separator has-alpha-channel-opacity\"\/>\n\n\n\n<h2 class=\"wp-block-heading\">Ratkaisukeskeinen ty\u00f6nohjaus<\/h2>\n\n\n\n<p>Ratkaisukeskeinen ty\u00f6nohjaus on tavoitteellista ja k\u00e4yt\u00e4nn\u00f6nl\u00e4heist\u00e4 ammatillista tukea, joka auttaa selkeytt\u00e4m\u00e4\u00e4n ty\u00f6h\u00f6n liittyvi\u00e4 kysymyksi\u00e4, vahvistamaan voimavaroja ja l\u00f6yt\u00e4m\u00e4\u00e4n toimivia ratkaisuja arjen haasteisiin. Ty\u00f6nohjaus keskittyy siihen, mik\u00e4 toimii, mihin halutaan p\u00e4\u00e4st\u00e4 ja millaisin konkreettisin askelin tavoitteita voidaan edist\u00e4\u00e4. <\/p>\n\n\n\n<p>Ty\u00f6skentely perustuu luottamukselliseen vuorovaikutukseen, jossa ohjattavan oma asiantuntemus ja kokemus ovat keski\u00f6ss\u00e4. Ratkaisukeskeinen l\u00e4hestymistapa tukee ammatillista kasvua, ty\u00f6hyvinvointia ja ty\u00f6n mielekkyytt\u00e4 sek\u00e4 yksil\u00f6-, ryhm\u00e4- ett\u00e4 yhteis\u00f6tasolla.<\/p>\n\n\n\n<div class=\"wp-block-buttons is-content-justification-right is-layout-flex wp-container-core-buttons-is-layout-d445cf74 wp-block-buttons-is-layout-flex\">\n<div class=\"wp-block-button is-style-outline is-style-outline--2\"><a class=\"wp-block-button__link wp-element-button\" href=\"https:\/\/www.osmaltd.fi\/?page_id=177\">Lue lis\u00e4\u00e4<\/a><\/div>\n<\/div>\n\n\n\n<hr class=\"wp-block-separator has-alpha-channel-opacity\"\/>\n\n\n\n<h2 class=\"wp-block-heading\"><strong>Alueelliset lastensuojelup\u00e4iv\u00e4t &amp; Alueelliset lapsi- ja perhepalvelup\u00e4iv\u00e4t<\/strong><\/h2>\n\n\n\n<p>Alueelliset lastensuojelup\u00e4iv\u00e4t ja Alueelliset lapsi- ja perhepalvelup\u00e4iv\u00e4t kokoavat lasten, nuorten ja perheiden kanssa ty\u00f6skentelev\u00e4t ammattilaiset yhteen useilla eri paikkakunnilla.<\/p>\n\n\n\n<div class=\"wp-block-buttons is-content-justification-right is-layout-flex wp-container-core-buttons-is-layout-d445cf74 wp-block-buttons-is-layout-flex\">\n<div class=\"wp-block-button is-style-outline is-style-outline--3\"><a class=\"wp-block-button__link wp-element-button\" href=\"http:\/\/www.alueellisetlastensuojelupaivat.fi\">Lue lis\u00e4\u00e4<\/a><\/div>\n<\/div>\n\n\n\n<hr class=\"wp-block-separator has-alpha-channel-opacity\"\/>\n\n\n\n<p><\/p>\n","protected":false},"excerpt":{"rendered":"<p>Lastensuojelun edunvalvonta Lastensuojelun edunvalvonta on tarkoitettu tilanteisiin, joissa lapsen huoltaja ei kykene puolueettomasti edustamaan lasta lastensuojeluasioissa. Edunvalvojan m\u00e4\u00e4r\u00e4\u00e4minen edellytt\u00e4\u00e4 lis\u00e4ksi, ett\u00e4 se on tarpeen asian selvitt\u00e4miseksi tai muutoin lapsen edun turvaamiseksi. T\u00e4llainen tilanne voi olla esimerkiksi silloin, kun huoltaja ei terveydentilansa vuoksi pysty k\u00e4ytt\u00e4m\u00e4\u00e4n lapsen puhevaltaa lapsen edun mukaisesti. Ratkaisukeskeinen [&hellip;]<\/p>\n","protected":false},"author":1,"featured_media":0,"parent":0,"menu_order":0,"comment_status":"closed","ping_status":"closed","template":"","meta":{"footnotes":""},"class_list":["post-81","page","type-page","status-publish","hentry"],"_links":{"self":[{"href":"https:\/\/www.osmaltd.fi\/index.php?rest_route=\/wp\/v2\/pages\/81","targetHints":{"allow":["GET"]}}],"collection":[{"href":"https:\/\/www.osmaltd.fi\/index.php?rest_route=\/wp\/v2\/pages"}],"about":[{"href":"https:\/\/www.osmaltd.fi\/index.php?rest_route=\/wp\/v2\/types\/page"}],"author":[{"embeddable":true,"href":"https:\/\/www.osmaltd.fi\/index.php?rest_route=\/wp\/v2\/users\/1"}],"replies":[{"embeddable":true,"href":"https:\/\/www.osmaltd.fi\/index.php?rest_route=%2Fwp%2Fv2%2Fcomments&post=81"}],"version-history":[{"count":12,"href":"https:\/\/www.osmaltd.fi\/index.php?rest_route=\/wp\/v2\/pages\/81\/revisions"}],"predecessor-version":[{"id":189,"href":"https:\/\/www.osmaltd.fi\/index.php?rest_route=\/wp\/v2\/pages\/81\/revisions\/189"}],"wp:attachment":[{"href":"https:\/\/www.osmaltd.fi\/index.php?rest_route=%2Fwp%2Fv2%2Fmedia&parent=81"}],"curies":[{"name":"wp","href":"https:\/\/api.w.org\/{rel}","templated":true}]}}