{"id":83,"date":"2024-08-31T14:23:17","date_gmt":"2024-08-31T14:23:17","guid":{"rendered":"https:\/\/www.osmaltd.fi\/?page_id=83"},"modified":"2026-01-06T18:25:11","modified_gmt":"2026-01-06T18:25:11","slug":"tapahtumat","status":"publish","type":"page","link":"https:\/\/www.osmaltd.fi\/?page_id=83","title":{"rendered":"Tapahtumat"},"content":{"rendered":"\n<p style=\"font-size:25px\">J\u00e4rjest\u00e4mme erilaisia tapahtumia yhteisty\u00f6kumppaneidemme kanssa ja erillisist\u00e4 toimeksiannoista. Tapahtumat voivat olla isoja, usean p\u00e4iv\u00e4n koulutuksellisia tapahtumia, tai lyhyempi\u00e4 ja pienempi\u00e4 ty\u00f6yhteis\u00f6ille suunnattuja, r\u00e4\u00e4t\u00e4l\u00f6ityj\u00e4 tapahtumia.<\/p>\n\n\n\n<hr class=\"wp-block-separator has-alpha-channel-opacity\"\/>\n\n\n\n<p class=\"has-medium-font-size\"><strong>Tulevat tapahtumat<\/strong><\/p>\n\n\n\n<ul class=\"wp-block-list\">\n<li>Viel\u00e4 suunnittelussa<\/li>\n<\/ul>\n\n\n\n<hr class=\"wp-block-separator has-alpha-channel-opacity\"\/>\n\n\n\n<p class=\"has-medium-font-size\"><strong>Menneet tapahtumat<\/strong><\/p>\n\n\n\n<ul class=\"wp-block-list\">\n<li>12.-13.11.2025 Alueelliset lapsi- ja perhepalvelup\u00e4iv\u00e4t, Vaasa<\/li>\n\n\n\n<li>8.-9.4.2025 Alueelliset lastensuojelup\u00e4iv\u00e4t, Pori<\/li>\n\n\n\n<li>12.-13.11.2024 Alueelliset lapsi- ja perhepalvelup\u00e4iv\u00e4t, Vaasa<\/li>\n\n\n\n<li>12.-13.3.2024 Alueelliset lastensuojelup\u00e4iv\u00e4t, Kokkola<\/li>\n\n\n\n<li>21.-22.11.2023 Alueelliset lapsi- ja perhepalvelup\u00e4iv\u00e4t, Vaasa<\/li>\n<\/ul>\n","protected":false},"excerpt":{"rendered":"<p>J\u00e4rjest\u00e4mme erilaisia tapahtumia yhteisty\u00f6kumppaneidemme kanssa ja erillisist\u00e4 toimeksiannoista. Tapahtumat voivat olla isoja, usean p\u00e4iv\u00e4n koulutuksellisia tapahtumia, tai lyhyempi\u00e4 ja pienempi\u00e4 ty\u00f6yhteis\u00f6ille suunnattuja, r\u00e4\u00e4t\u00e4l\u00f6ityj\u00e4 tapahtumia. Tulevat tapahtumat Menneet tapahtumat<\/p>\n","protected":false},"author":1,"featured_media":0,"parent":0,"menu_order":0,"comment_status":"closed","ping_status":"closed","template":"","meta":{"footnotes":""},"class_list":["post-83","page","type-page","status-publish","hentry"],"_links":{"self":[{"href":"https:\/\/www.osmaltd.fi\/index.php?rest_route=\/wp\/v2\/pages\/83","targetHints":{"allow":["GET"]}}],"collection":[{"href":"https:\/\/www.osmaltd.fi\/index.php?rest_route=\/wp\/v2\/pages"}],"about":[{"href":"https:\/\/www.osmaltd.fi\/index.php?rest_route=\/wp\/v2\/types\/page"}],"author":[{"embeddable":true,"href":"https:\/\/www.osmaltd.fi\/index.php?rest_route=\/wp\/v2\/users\/1"}],"replies":[{"embeddable":true,"href":"https:\/\/www.osmaltd.fi\/index.php?rest_route=%2Fwp%2Fv2%2Fcomments&post=83"}],"version-history":[{"count":4,"href":"https:\/\/www.osmaltd.fi\/index.php?rest_route=\/wp\/v2\/pages\/83\/revisions"}],"predecessor-version":[{"id":173,"href":"https:\/\/www.osmaltd.fi\/index.php?rest_route=\/wp\/v2\/pages\/83\/revisions\/173"}],"wp:attachment":[{"href":"https:\/\/www.osmaltd.fi\/index.php?rest_route=%2Fwp%2Fv2%2Fmedia&parent=83"}],"curies":[{"name":"wp","href":"https:\/\/api.w.org\/{rel}","templated":true}]}}