{"id":85,"date":"2024-08-31T14:23:35","date_gmt":"2024-08-31T14:23:35","guid":{"rendered":"https:\/\/www.osmaltd.fi\/?page_id=85"},"modified":"2024-08-31T16:16:07","modified_gmt":"2024-08-31T16:16:07","slug":"koulutukset","status":"publish","type":"page","link":"https:\/\/www.osmaltd.fi\/?page_id=85","title":{"rendered":"Koulutukset"},"content":{"rendered":"\n<p style=\"font-size:25px\">Yksi t\u00e4rkeimmist\u00e4 teht\u00e4vist\u00e4mme on koulutus. Osaamisemme on vahvasti sosiaali- ja terveysalalla, mutta voimme yhdess\u00e4 pohtia my\u00f6s muita koulutuksellisia sis\u00e4lt\u00f6j\u00e4 juuri Teid\u00e4n tarpeisiin.<\/p>\n\n\n\n<p style=\"font-size:25px\">Kaikki alla luetellu koulutukset ovat esimerkkej\u00e4 ja mahdollisia otsikoita koulutuksille, joita voidaan muokata ja soveltaa juuri Teid\u00e4n tarpeiden mukaiseksi.<\/p>\n\n\n\n<hr class=\"wp-block-separator has-alpha-channel-opacity\"\/>\n\n\n\n<blockquote class=\"wp-block-quote is-layout-flow wp-block-quote-is-layout-flow\">\n<p class=\"has-text-align-right\">Onnistuminen on asenne. Se on avoimuutta uusille ideoille, halukkuutta kuunnella, innokkuutta oppia, halua kasvaa ja joustavuutta muuttua. <\/p>\n\n\n\n<p class=\"has-text-align-right\">\u2014\u00a0BJ Gallagher<\/p>\n<\/blockquote>\n\n\n\n<hr class=\"wp-block-separator has-alpha-channel-opacity\"\/>\n\n\n\n<ul class=\"wp-block-list\">\n<li><strong>Lastensuojelulain ja sosiaalihuoltolain mukainen perhety\u00f6<\/strong>\n<ul class=\"wp-block-list\">\n<li>K\u00e4yd\u00e4\u00e4n l\u00e4pi perhety\u00f6n l\u00e4ht\u00f6kohtia sek\u00e4 sosiaalihuoltolain ett\u00e4 lastensuojelulain l\u00e4ht\u00f6kohdista&nbsp;<\/li>\n\n\n\n<li>Tutkitaan lakien m\u00e4\u00e4ritt\u00e4mi\u00e4 prosesseja ja vaatimuksia, mutta my\u00f6s mahdollisuuksia ty\u00f6skentelylle<\/li>\n<\/ul>\n<\/li>\n<\/ul>\n\n\n\n<ul class=\"wp-block-list\">\n<li><strong>Perhety\u00f6n prosessien kehitt\u00e4minen<\/strong>\n<ul class=\"wp-block-list\">\n<li>Pureudutaan koulutuksen tilaajan olemassa olevaan prosessiin tai l\u00e4hdet\u00e4\u00e4n kehitt\u00e4m\u00e4\u00e4n uutta prosessia<\/li>\n\n\n\n<li>Koulutuksessa huomioidaan koulutuksen tilaajan tarpeet ja luodaan tarpeen vaatiessa tilaajalle perhety\u00f6n prosessikuvaus<\/li>\n<\/ul>\n<\/li>\n<\/ul>\n\n\n\n<ul class=\"wp-block-list\">\n<li><strong>Perhety\u00f6 lastensuojelulaitoksessa<\/strong>\n<ul class=\"wp-block-list\">\n<li>Perhety\u00f6 lastensuojelulaitoksen viitekehyksess\u00e4 poikkeaa muusta perhety\u00f6st\u00e4 merkitt\u00e4v\u00e4sti jo pelk\u00e4n asiakassuhteen muodostumisen my\u00f6t\u00e4<\/li>\n\n\n\n<li>Koulutuksessa k\u00e4yd\u00e4\u00e4n l\u00e4pi lastensuojelulaitoksen perhety\u00f6n erityispiirteit\u00e4, mahdollisuuksia ja huomioon otettavia haasteita<\/li>\n<\/ul>\n<\/li>\n<\/ul>\n\n\n\n<ul class=\"wp-block-list\">\n<li><strong>Ammatillinen tukihenkil\u00f6ty\u00f6<\/strong>\n<ul class=\"wp-block-list\">\n<li>Tutkitaan ammatillisen tukihenkil\u00f6ty\u00f6n l\u00e4ht\u00f6kohtia sosiaalihuoltolain ja lastensuojelulain l\u00e4ht\u00f6kohdista<\/li>\n\n\n\n<li>M\u00e4\u00e4ritell\u00e4\u00e4n ammatillisen tukihenkil\u00f6ty\u00f6n erityispiirteit\u00e4, ty\u00f6menetelmi\u00e4 ja mahdollisuuksia ty\u00f6n kehitt\u00e4miselle<\/li>\n<\/ul>\n<\/li>\n<\/ul>\n\n\n\n<ul class=\"wp-block-list\">\n<li><strong>Yritt\u00e4jyys sosiaalialalla<\/strong>\n<ul class=\"wp-block-list\">\n<li>Yritt\u00e4jyydess\u00e4 sosiaalialalla on omat erityispiirteens\u00e4 ja yritt\u00e4j\u00e4 joutuukin tarvitseekin erityisosaamista moneen muuhun alaan verrattuna.<\/li>\n\n\n\n<li>K\u00e4yd\u00e4\u00e4n l\u00e4pi sosiaalialan yritt\u00e4jyyteen liittyvi\u00e4 erityisyyksi\u00e4 ja viranomaisvaatimuksia<\/li>\n\n\n\n<li>Tarvittaessa koulutus voidaan laajentaa koskemaan liiketoimintasuunnitelman tekemiseen ja erilaisissa hakemuksissa ja ilmoituksissa avustamiseen<\/li>\n<\/ul>\n<\/li>\n<\/ul>\n\n\n\n<ul class=\"wp-block-list\">\n<li><strong>Vanhemmuuden muuttuvat roolit<\/strong>\n<ul class=\"wp-block-list\">\n<li>Vanhemmuus kehittyy ja kasvaa, ja muuttuu, lasten kasvaessa ja kehittyess\u00e4. Koulutuksen aikana tutustutaan vanhemmuuden moniin ja muuttuviin teht\u00e4viin sek\u00e4 rooleihin.<\/li>\n<\/ul>\n<\/li>\n<\/ul>\n\n\n\n<ul class=\"wp-block-list\">\n<li><strong>Is\u00e4n erityisyys lapsen ja nuoren el\u00e4m\u00e4ss\u00e4<\/strong>\n<ul class=\"wp-block-list\">\n<li>Is\u00e4n ja lapsen v\u00e4linen suhde on erityinen. Koulutuksessa tutustutaan isyyden erityisyyteen ja pohditaan my\u00f6s isyyden muutoksia, ja jopa vaatimuksia nykyisess\u00e4 sosiokulttuurisessa toimintaymp\u00e4rist\u00f6ss\u00e4mme<\/li>\n<\/ul>\n<\/li>\n<\/ul>\n","protected":false},"excerpt":{"rendered":"<p>Yksi t\u00e4rkeimmist\u00e4 teht\u00e4vist\u00e4mme on koulutus. Osaamisemme on vahvasti sosiaali- ja terveysalalla, mutta voimme yhdess\u00e4 pohtia my\u00f6s muita koulutuksellisia sis\u00e4lt\u00f6j\u00e4 juuri Teid\u00e4n tarpeisiin. Kaikki alla luetellu koulutukset ovat esimerkkej\u00e4 ja mahdollisia otsikoita koulutuksille, joita voidaan muokata ja soveltaa juuri Teid\u00e4n tarpeiden mukaiseksi. Onnistuminen on asenne. Se on avoimuutta uusille ideoille, halukkuutta [&hellip;]<\/p>\n","protected":false},"author":1,"featured_media":0,"parent":0,"menu_order":0,"comment_status":"closed","ping_status":"closed","template":"","meta":{"footnotes":""},"class_list":["post-85","page","type-page","status-publish","hentry"],"_links":{"self":[{"href":"https:\/\/www.osmaltd.fi\/index.php?rest_route=\/wp\/v2\/pages\/85","targetHints":{"allow":["GET"]}}],"collection":[{"href":"https:\/\/www.osmaltd.fi\/index.php?rest_route=\/wp\/v2\/pages"}],"about":[{"href":"https:\/\/www.osmaltd.fi\/index.php?rest_route=\/wp\/v2\/types\/page"}],"author":[{"embeddable":true,"href":"https:\/\/www.osmaltd.fi\/index.php?rest_route=\/wp\/v2\/users\/1"}],"replies":[{"embeddable":true,"href":"https:\/\/www.osmaltd.fi\/index.php?rest_route=%2Fwp%2Fv2%2Fcomments&post=85"}],"version-history":[{"count":9,"href":"https:\/\/www.osmaltd.fi\/index.php?rest_route=\/wp\/v2\/pages\/85\/revisions"}],"predecessor-version":[{"id":119,"href":"https:\/\/www.osmaltd.fi\/index.php?rest_route=\/wp\/v2\/pages\/85\/revisions\/119"}],"wp:attachment":[{"href":"https:\/\/www.osmaltd.fi\/index.php?rest_route=%2Fwp%2Fv2%2Fmedia&parent=85"}],"curies":[{"name":"wp","href":"https:\/\/api.w.org\/{rel}","templated":true}]}}